{"id":17,"date":"2015-09-01T21:23:54","date_gmt":"2015-09-01T21:23:54","guid":{"rendered":"http:\/\/hoteldelsol.info\/?page_id=17"},"modified":"2017-01-30T07:12:18","modified_gmt":"2017-01-30T07:12:18","slug":"ubicacion","status":"publish","type":"page","link":"https:\/\/hoteldelsol.info\/index.php\/ubicacion\/","title":{"rendered":"Ubicacion"},"content":{"rendered":"<div id=\"wpgmza_map_1\" class=\"wpgmza_map wpgmza-auto-left\" style=\"display:block;width:100\\%;height:400px;overflow:hidden;position:relative;\" data-map-id=\"1\" data-maps-engine=\"\" data-build-engine=\"atlas-novus\" data-shortcode-attributes=\"{&quot;id&quot;:&quot;1&quot;,&quot;zoom&quot;:false,&quot;width&quot;:false,&quot;height&quot;:false,&quot;marker&quot;:false,&quot;classname&quot;:false}\" data-settings=\"{&quot;map_title&quot;:&quot;My first map&quot;,&quot;map_width&quot;:&quot;100&quot;,&quot;map_height&quot;:&quot;400&quot;,&quot;map_start_lat&quot;:&quot;21.210901&quot;,&quot;map_start_lng&quot;:&quot;-86.833681&quot;,&quot;map_start_location&quot;:&quot;21.210901355220138,-86.83368069820024&quot;,&quot;map_start_zoom&quot;:&quot;12&quot;,&quot;default_marker&quot;:&quot;0&quot;,&quot;type&quot;:&quot;1&quot;,&quot;alignment&quot;:&quot;1&quot;,&quot;directions_enabled&quot;:&quot;1&quot;,&quot;styling_enabled&quot;:&quot;0&quot;,&quot;styling_json&quot;:&quot;&quot;,&quot;active&quot;:&quot;0&quot;,&quot;kml&quot;:&quot;&quot;,&quot;bicycle&quot;:&quot;2&quot;,&quot;traffic&quot;:&quot;2&quot;,&quot;dbox&quot;:&quot;1&quot;,&quot;dbox_width&quot;:&quot;250&quot;,&quot;listmarkers&quot;:&quot;0&quot;,&quot;listmarkers_advanced&quot;:&quot;0&quot;,&quot;filterbycat&quot;:&quot;0&quot;,&quot;ugm_enabled&quot;:&quot;0&quot;,&quot;ugm_category_enabled&quot;:&quot;0&quot;,&quot;fusion&quot;:&quot;&quot;,&quot;map_width_type&quot;:&quot;\\\\%&quot;,&quot;map_height_type&quot;:&quot;px&quot;,&quot;mass_marker_support&quot;:&quot;1&quot;,&quot;ugm_access&quot;:&quot;0&quot;,&quot;order_markers_by&quot;:&quot;1&quot;,&quot;order_markers_choice&quot;:&quot;2&quot;,&quot;show_user_location&quot;:&quot;0&quot;,&quot;default_to&quot;:&quot;&quot;,&quot;store_locator_enabled&quot;:2,&quot;store_locator_distance&quot;:2,&quot;store_locator_bounce&quot;:1,&quot;store_locator_query_string&quot;:&quot;ZIP \\\/ C\\u00f3digo Postal \\\/ Direcci\\u00f3n&quot;,&quot;wpgmza_store_locator_restrict&quot;:&quot;&quot;,&quot;map_max_zoom&quot;:&quot;1&quot;,&quot;transport_layer&quot;:2,&quot;id&quot;:1}\" ><\/div>\n<p>&nbsp;<\/p>\n<p><span style=\"font-size: 12pt;\">Estamos ubicados en Puerto Juarez a tan solo\u00a012 minutos en automovil del centro de Canc\u00fan, frente al embarcadero a Isla Mujeres.<\/span><\/p>\n<p><span style=\"font-size: 12pt;\">Av. Lopez Portillo, SM 8 Mz 2 Lote 1-A, Ju\u00e1rez, 77520 Canc\u00fan, Q.R.<\/span><\/p>\n","protected":false},"excerpt":{"rendered":"<p>&nbsp; Estamos ubicados en Puerto Juarez a tan solo\u00a012 minutos en automovil del centro de Canc\u00fan, frente al embarcadero a Isla Mujeres. Av. Lopez Portillo, SM 8 Mz 2 Lote 1-A, Ju\u00e1rez, 77520 Canc\u00fan, Q.R.<\/p>\n","protected":false},"author":1,"featured_media":0,"parent":0,"menu_order":0,"comment_status":"closed","ping_status":"closed","template":"","meta":{"footnotes":""},"class_list":["post-17","page","type-page","status-publish","hentry"],"_links":{"self":[{"href":"https:\/\/hoteldelsol.info\/index.php\/wp-json\/wp\/v2\/pages\/17","targetHints":{"allow":["GET"]}}],"collection":[{"href":"https:\/\/hoteldelsol.info\/index.php\/wp-json\/wp\/v2\/pages"}],"about":[{"href":"https:\/\/hoteldelsol.info\/index.php\/wp-json\/wp\/v2\/types\/page"}],"author":[{"embeddable":true,"href":"https:\/\/hoteldelsol.info\/index.php\/wp-json\/wp\/v2\/users\/1"}],"replies":[{"embeddable":true,"href":"https:\/\/hoteldelsol.info\/index.php\/wp-json\/wp\/v2\/comments?post=17"}],"version-history":[{"count":8,"href":"https:\/\/hoteldelsol.info\/index.php\/wp-json\/wp\/v2\/pages\/17\/revisions"}],"predecessor-version":[{"id":142,"href":"https:\/\/hoteldelsol.info\/index.php\/wp-json\/wp\/v2\/pages\/17\/revisions\/142"}],"wp:attachment":[{"href":"https:\/\/hoteldelsol.info\/index.php\/wp-json\/wp\/v2\/media?parent=17"}],"curies":[{"name":"wp","href":"https:\/\/api.w.org\/{rel}","templated":true}]}}